{"id":61,"date":"2025-01-26T13:27:31","date_gmt":"2025-01-26T12:27:31","guid":{"rendered":"https:\/\/bdrbsql.cluster021.hosting.ovh.net\/?page_id=61"},"modified":"2025-02-03T14:51:11","modified_gmt":"2025-02-03T13:51:11","slug":"pricing","status":"publish","type":"page","link":"https:\/\/cloudsave.fr\/index.php\/pricing\/","title":{"rendered":"Pricing"},"content":{"rendered":"\n<p><\/p>\n\n\n\n<div class=\"wp-block-group has-gradient-nine-gradient-background has-background is-layout-constrained wp-container-core-group-is-layout-e6f1036d wp-block-group-is-layout-constrained\" style=\"margin-top:0;margin-bottom:0;padding-top:0;padding-right:0;padding-bottom:0;padding-left:0\">\n<div class=\"wp-block-group has-gradient-nine-gradient-background has-background is-layout-constrained wp-container-core-group-is-layout-a33cb597 wp-block-group-is-layout-constrained\" style=\"border-style:none;border-width:0px;padding-top:1rem;padding-right:var(--wp--preset--spacing--40);padding-bottom:7rem;padding-left:var(--wp--preset--spacing--40)\">\n<div class=\"wp-block-group is-layout-constrained wp-container-core-group-is-layout-36a9abcb wp-block-group-is-layout-constrained\">\n<h5 class=\"wp-block-heading has-text-align-center has-primary-color has-text-color has-link-color has-medium-font-size wp-elements-c005ba2895973fd009d5c2ad80fa92c0\" style=\"margin-top:0px;margin-bottom:10px;font-style:normal;font-weight:400\"><\/h5>\n\n\n\n<h1 class=\"wp-block-heading has-text-align-center has-light-color-color has-text-color has-link-color has-xx-large-font-size wp-elements-aaa50042cb75370103287a0896246794\" style=\"margin-top:0px;margin-bottom:24px;font-style:normal;font-weight:700\"><br><em>Une tarification simple et flexible pour optimiser vos co\u00fbts cloud<\/em><\/h1>\n<\/div>\n\n\n\n<div class=\"wp-block-columns is-layout-flex wp-container-core-columns-is-layout-1e8ce459 wp-block-columns-is-layout-flex\" style=\"margin-top:60px\">\n<div class=\"wp-block-column is-layout-flow wp-block-column-is-layout-flow\">\n<div class=\"wp-block-group is-style-homedroid-boxshadow modestra-hover-box is-style-default has-border-color is-layout-constrained wp-container-core-group-is-layout-3dcc9c70 wp-block-group-is-layout-constrained\" style=\"border-color:#453E4D;border-width:1px;border-radius:0px;padding-top:40px;padding-right:40px;padding-bottom:40px;padding-left:40px\">\n<div class=\"wp-block-group is-nowrap is-layout-flex wp-container-core-group-is-layout-902a4479 wp-block-group-is-layout-flex\">\n<h6 class=\"wp-block-heading has-light-color-color has-text-color has-link-color has-xx-large-font-size wp-elements-13a2164ed87c09f70f61e3509b631c25\" style=\"font-style:normal;font-weight:800;line-height:1\"><strong>3000 \u20ac<\/strong><\/h6>\n\n\n\n<p class=\"has-text-align-left has-light-color-color has-text-color has-link-color wp-elements-e9a55d57add6d3bfe0a7211436696515\"> HT <\/p>\n<\/div>\n\n\n\n<h4 class=\"wp-block-heading has-light-color-color has-text-color has-link-color has-medium-font-size wp-elements-206b9ecd18b77e045ae9634503b1a22a\" style=\"margin-top:var(--wp--preset--spacing--30);margin-bottom:var(--wp--preset--spacing--30);font-style:normal;font-weight:500\">Audit FinOps<\/h4>\n\n\n\n<p class=\"has-light-color-color has-text-color has-link-color wp-elements-5227775cad6589c8bbdb55323dc1a7c2\"><br><em>Chaque audit inclut une analyse compl\u00e8te de vos ressources cloud, des recommandations personnalis\u00e9es et des actions concr\u00e8tes pour optimiser vos co\u00fbts.<\/em><\/p>\n\n\n\n<div class=\"wp-block-buttons is-style-button-zoom-on-hover is-layout-flex wp-block-buttons-is-layout-flex\" style=\"margin-top:28px;margin-bottom:20px\">\n<div class=\"wp-block-button has-custom-width wp-block-button__width-100 has-custom-font-size is-style-button-with-gradient-border has-medium-font-size\" style=\"font-style:normal;font-weight:500\"><a class=\"wp-block-button__link has-light-color-color has-dark-shade-background-color has-text-color has-background has-link-color has-border-color has-border-color-dark-border-color wp-element-button\" href=\"https:\/\/bdrbsql.cluster021.hosting.ovh.net\/index.php\/contactez-nous\/\" style=\"border-width:1px;border-radius:0px;padding-top:var(--wp--preset--spacing--40);padding-right:var(--wp--preset--spacing--30);padding-bottom:var(--wp--preset--spacing--40);padding-left:var(--wp--preset--spacing--30)\">Contact<\/a><\/div>\n<\/div>\n\n\n\n<div class=\"wp-block-group is-vertical is-layout-flex wp-container-core-group-is-layout-9a3dfb98 wp-block-group-is-layout-flex\" style=\"margin-top:0;margin-bottom:0\">\n<ul style=\"padding-top:0;padding-right:0;padding-bottom:0;padding-left:0\" class=\"wp-block-list is-style-hide-bullet-list-style-primary-shade-check is-style-list-style-check-circle-white has-light-color-color has-text-color has-link-color wp-elements-5c7eea57085e3e5cb62b4dfa2adefbc9\">\n<li>Rapport personnalis\u00e9<\/li>\n\n\n\n<li style=\"margin-top:12px;margin-bottom:12px\">Analyse des ressources inutilis\u00e9es ou sur-provisionn\u00e9es<\/li>\n\n\n\n<li style=\"margin-top:12px;margin-bottom:12px\">Recommandations d\u00e9taill\u00e9es et actionnables<\/li>\n\n\n\n<li style=\"margin-top:12px;margin-bottom:12px\">Plan de mise en \u0153uvre<\/li>\n<\/ul>\n<\/div>\n<\/div>\n<\/div>\n<\/div>\n\n\n\n<div class=\"wp-block-group is-layout-constrained wp-container-core-group-is-layout-f692b462 wp-block-group-is-layout-constrained\" style=\"margin-top:var(--wp--preset--spacing--80)\">\n<p class=\"has-text-align-center has-light-color-color has-text-color has-link-color has-normal-font-size wp-elements-6da038c9809c1646d3bc4b758b5175ca\"><br><strong>Vous avez des doutes ?<\/strong> Planifiez un appel avec nos experts pour discuter de vos besoins et comprendre comment notre Audit peut vous aider \u00e0 optimiser vos co\u00fbts cloud.<\/p>\n<\/div>\n<\/div>\n<\/div>\n","protected":false},"excerpt":{"rendered":"<p>Une tarification simple et flexible pour optimiser vos co\u00fbts cloud 3000 \u20ac HT Audit FinOps Chaque audit inclut une analyse compl\u00e8te de vos ressources cloud, des recommandations personnalis\u00e9es et des actions concr\u00e8tes pour optimiser vos co\u00fbts. Vous avez des doutes ? Planifiez un appel avec nos experts pour discuter de vos besoins et comprendre comment&#8230;<\/p>\n","protected":false},"author":1,"featured_media":0,"parent":0,"menu_order":0,"comment_status":"closed","ping_status":"closed","template":"","meta":{"footnotes":""},"class_list":["post-61","page","type-page","status-publish","hentry"],"_links":{"self":[{"href":"https:\/\/cloudsave.fr\/index.php\/wp-json\/wp\/v2\/pages\/61","targetHints":{"allow":["GET"]}}],"collection":[{"href":"https:\/\/cloudsave.fr\/index.php\/wp-json\/wp\/v2\/pages"}],"about":[{"href":"https:\/\/cloudsave.fr\/index.php\/wp-json\/wp\/v2\/types\/page"}],"author":[{"embeddable":true,"href":"https:\/\/cloudsave.fr\/index.php\/wp-json\/wp\/v2\/users\/1"}],"replies":[{"embeddable":true,"href":"https:\/\/cloudsave.fr\/index.php\/wp-json\/wp\/v2\/comments?post=61"}],"version-history":[{"count":4,"href":"https:\/\/cloudsave.fr\/index.php\/wp-json\/wp\/v2\/pages\/61\/revisions"}],"predecessor-version":[{"id":80,"href":"https:\/\/cloudsave.fr\/index.php\/wp-json\/wp\/v2\/pages\/61\/revisions\/80"}],"wp:attachment":[{"href":"https:\/\/cloudsave.fr\/index.php\/wp-json\/wp\/v2\/media?parent=61"}],"curies":[{"name":"wp","href":"https:\/\/api.w.org\/{rel}","templated":true}]}}